{"id":91,"date":"2024-08-30T08:02:16","date_gmt":"2024-08-30T06:02:16","guid":{"rendered":"https:\/\/axisport.fr\/?page_id=91"},"modified":"2025-12-06T00:02:31","modified_gmt":"2025-12-05T23:02:31","slug":"ekiden","status":"publish","type":"page","link":"https:\/\/axisport.fr\/index.php\/ekiden\/","title":{"rendered":"EKIDEN 2025 &#8211; Marathon relais"},"content":{"rendered":"\n<section class=\"wp-block-group alignfull has-global-padding is-layout-constrained wp-container-core-group-is-layout-05455e64 wp-block-group-is-layout-constrained\" style=\"margin-top:0px;padding-top:6rem;padding-right:1rem;padding-bottom:4.5rem;padding-left:1rem;font-size:clamp(0.875rem, 0.875rem + ((1vw - 0.2rem) * 0.464), 1.13rem);font-style:normal;font-weight:400;line-height:1.4\">\n<div class=\"wp-block-columns is-layout-flex wp-container-core-columns-is-layout-2e7296b4 wp-block-columns-is-layout-flex\" style=\"margin-bottom:0px\">\n<div class=\"wp-block-column is-vertically-aligned-center is-layout-flow wp-block-column-is-layout-flow\" style=\"padding-right:1rem;padding-left:1rem;flex-basis:35%\">\n<figure class=\"wp-block-image aligncenter size-full is-resized has-custom-border\"><img loading=\"lazy\" decoding=\"async\" width=\"446\" height=\"122\" src=\"https:\/\/axisport.fr\/wp-content\/uploads\/2024\/08\/ekiden.png\" alt=\"\" class=\"wp-image-94\" style=\"border-style:none;border-width:0px;border-radius:30px;width:350px\" srcset=\"https:\/\/axisport.fr\/wp-content\/uploads\/2024\/08\/ekiden.png 446w, https:\/\/axisport.fr\/wp-content\/uploads\/2024\/08\/ekiden-300x82.png 300w\" sizes=\"auto, (max-width: 446px) 100vw, 446px\" \/><\/figure>\n<\/div>\n\n\n\n<div class=\"wp-block-column has-global-padding is-layout-constrained wp-container-core-column-is-layout-b4ec969c wp-block-column-is-layout-constrained\" style=\"padding-top:2.01rem\">\n<div class=\"wp-block-group has-global-padding is-layout-constrained wp-container-core-group-is-layout-6d602cae wp-block-group-is-layout-constrained\" style=\"min-height:100%;padding-right:var(--wp--preset--spacing--50);padding-left:var(--wp--preset--spacing--50)\">\n<h3 class=\"wp-block-heading has-text-align-center has-text-color\" style=\"color:#010101;margin-top:0.5rem;margin-bottom:0rem;font-size:clamp(1.556rem, 1.556rem + ((1vw - 0.2rem) * 1.916), 2.61rem);font-style:normal;font-weight:500;letter-spacing:0px;line-height:1.3\">EKIDEN ?<\/h3>\n\n\n\n<p class=\"has-text-align-center has-text-color\" style=\"color:#010101;margin-top:0rem;font-size:clamp(0.875rem, 0.875rem + ((1vw - 0.2rem) * 0.245), 1.01rem);font-style:normal;font-weight:400;line-height:1.5\">L\u2019Ekiden, concept venu tout droit du Japon, est un&nbsp;<strong>\u00ab marathon-relais \u00bb<\/strong>, soit&nbsp;<strong>42 Km 195&nbsp;<\/strong>par&nbsp;\u00e9quipe&nbsp;de&nbsp;6 coureurs ! Les participants \u00e0 cette \u00e9preuve devront parcourir la distance d\u2019un marathon en relais par \u00e9quipe de 6. L\u2019\u00e9preuve se d\u00e9roule sur un circuit de 5 km, o\u00f9 chaque coureur doit r\u00e9aliser une distance impos\u00e9e selon l\u2019ordre suivant : 5 km, 10 km, 5 km, 10 km, 5 km et 7,195 km.<\/p>\n<\/div>\n<\/div>\n<\/div>\n<\/section>\n\n\n\n<div class=\"wp-block-cover alignwide is-light\" style=\"padding-top:3.51rem;padding-right:0px;padding-bottom:2.01rem;padding-left:0px;min-height:414px;aspect-ratio:unset;\"><span aria-hidden=\"true\" class=\"wp-block-cover__background has-background-dim-0 has-background-dim\" style=\"background-color:#fff3ea\"><\/span><div class=\"wp-block-cover__inner-container is-layout-flow wp-block-cover-is-layout-flow\">\n<div class=\"wp-block-cover aligncenter is-light has-text-color\" style=\"color:#212529;margin-top:0px;margin-bottom:0px;padding-top:100px;padding-bottom:100px;min-height:50px;aspect-ratio:unset;\"><span aria-hidden=\"true\" class=\"wp-block-cover__background has-background-dim-100 has-background-dim\" style=\"background-color:#70bd95\"><\/span><div class=\"wp-block-cover__inner-container has-global-padding is-layout-constrained wp-container-core-cover-is-layout-fa8d7e68 wp-block-cover-is-layout-constrained\">\n<div class=\"wp-block-columns is-layout-flex wp-container-core-columns-is-layout-52ef9d85 wp-block-columns-is-layout-flex\" style=\"margin-bottom:0px\">\n<div class=\"wp-block-column is-layout-flow wp-block-column-is-layout-flow\">\n<p class=\"has-text-align-left has-text-color\" style=\"color:#ffffff;font-size:clamp(38.682px, 2.418rem + ((1vw - 3.2px) * 3.786), 72px);font-style:normal;font-weight:700;line-height:1\">Save the date<\/p>\n\n\n\n<p class=\"has-text-color\" style=\"color:#ffffff;margin-top:12px;font-size:clamp(14px, 0.875rem + ((1vw - 3.2px) * 0.455), 18px);line-height:1\">La course a lieu le dimanche 12 octobre 2025.<\/p>\n<\/div>\n\n\n\n<div class=\"wp-block-column is-vertically-aligned-center is-layout-flow wp-block-column-is-layout-flow\">\n<p class=\"has-text-align-left has-text-color\" style=\"color:#ffffff;font-size:clamp(38.682px, 2.418rem + ((1vw - 3.2px) * 3.786), 72px);font-style:normal;font-weight:700;line-height:1\">30<\/p>\n\n\n\n<p class=\"has-text-align-left has-text-color\" style=\"color:#ffffff;margin-top:12px;font-size:clamp(14px, 0.875rem + ((1vw - 3.2px) * 0.455), 18px);line-height:1\">C&#8217;est le nombre de coureur pour l&#8217;\u00e9dition 2025.<\/p>\n\n\n\n<p class=\"has-text-align-left has-text-color\" style=\"color:#ffffff;margin-top:12px;font-size:clamp(14px, 0.875rem + ((1vw - 3.2px) * 0.455), 18px);line-height:1\">5 \u00e9quipes sont inscrites !<br>Record de l&#8217;\u00e9preuve AXIMA : 3h16&#8217;15&#8221; en 2024 et \u00e9galement en 2025 !<\/p>\n<\/div>\n<\/div>\n<\/div><\/div>\n<\/div><\/div>\n\n\n\n<p class=\"has-text-align-center\">Parcours EKIDEN 2025 Villeneuve d&#8217;ASCQ (boucle de 5 km)<br><br><\/p>\n\n\n\n<figure class=\"wp-block-image size-full\"><img loading=\"lazy\" decoding=\"async\" width=\"768\" height=\"726\" src=\"https:\/\/axisport.fr\/wp-content\/uploads\/2024\/08\/parcours-ekiden-5.png\" alt=\"\" class=\"wp-image-127\" srcset=\"https:\/\/axisport.fr\/wp-content\/uploads\/2024\/08\/parcours-ekiden-5.png 768w, https:\/\/axisport.fr\/wp-content\/uploads\/2024\/08\/parcours-ekiden-5-300x284.png 300w\" sizes=\"auto, (max-width: 768px) 100vw, 768px\" \/><\/figure>\n\n\n\n<h2 class=\"wp-block-heading\" style=\"margin-top:var(--wp--preset--spacing--20);margin-bottom:var(--wp--preset--spacing--20);padding-top:var(--wp--preset--spacing--30);padding-bottom:var(--wp--preset--spacing--30)\">Photos et R\u00e9sultats<\/h2>\n\n\n\n<div class=\"wp-block-file\" style=\"margin-top:0;margin-bottom:0;padding-top:var(--wp--preset--spacing--30);padding-bottom:var(--wp--preset--spacing--30)\"><a id=\"wp-block-file--media-478c658c-ec2c-4fad-8cfc-e4a44abd1a7b\" href=\"https:\/\/axisport.fr\/wp-content\/uploads\/2024\/10\/Resultat-et-Photos-EKIDEN-2024.pdf\" target=\"_blank\" rel=\"noreferrer noopener\">R\u00e9sultat et Photos EKIDEN 2024<\/a><\/div>\n\n\n\n<div class=\"wp-block-file\" style=\"margin-top:0;margin-bottom:0;padding-top:var(--wp--preset--spacing--30);padding-bottom:var(--wp--preset--spacing--30)\"><a id=\"wp-block-file--media-6681ca2b-1a81-41d5-b45f-89592651af6c\" href=\"https:\/\/axisport.fr\/wp-content\/uploads\/2025\/12\/Resultat-et-photos-EKIDEN-2025.pdf\" target=\"_blank\" rel=\"noreferrer noopener\">Resultat et photos EKIDEN 2025<\/a><\/div>\n\n\n\n<p><\/p>\n","protected":false},"excerpt":{"rendered":"<p>EKIDEN ? L\u2019Ekiden, concept venu tout droit du Japon, est un&nbsp;\u00ab marathon-relais \u00bb, soit&nbsp;42 Km 195&nbsp;par&nbsp;\u00e9quipe&nbsp;de&nbsp;6 coureurs ! Les participants \u00e0 cette \u00e9preuve devront parcourir la distance d\u2019un marathon en relais par \u00e9quipe de 6. L\u2019\u00e9preuve se d\u00e9roule sur un circuit de 5 km, o\u00f9 chaque coureur doit r\u00e9aliser une distance impos\u00e9e selon l\u2019ordre suivant [&hellip;]<\/p>\n","protected":false},"author":1,"featured_media":0,"parent":0,"menu_order":0,"comment_status":"closed","ping_status":"closed","template":"","meta":{"footnotes":""},"class_list":["post-91","page","type-page","status-publish","hentry"],"_links":{"self":[{"href":"https:\/\/axisport.fr\/index.php\/wp-json\/wp\/v2\/pages\/91","targetHints":{"allow":["GET"]}}],"collection":[{"href":"https:\/\/axisport.fr\/index.php\/wp-json\/wp\/v2\/pages"}],"about":[{"href":"https:\/\/axisport.fr\/index.php\/wp-json\/wp\/v2\/types\/page"}],"author":[{"embeddable":true,"href":"https:\/\/axisport.fr\/index.php\/wp-json\/wp\/v2\/users\/1"}],"replies":[{"embeddable":true,"href":"https:\/\/axisport.fr\/index.php\/wp-json\/wp\/v2\/comments?post=91"}],"version-history":[{"count":26,"href":"https:\/\/axisport.fr\/index.php\/wp-json\/wp\/v2\/pages\/91\/revisions"}],"predecessor-version":[{"id":474,"href":"https:\/\/axisport.fr\/index.php\/wp-json\/wp\/v2\/pages\/91\/revisions\/474"}],"wp:attachment":[{"href":"https:\/\/axisport.fr\/index.php\/wp-json\/wp\/v2\/media?parent=91"}],"curies":[{"name":"wp","href":"https:\/\/api.w.org\/{rel}","templated":true}]}}