{"id":9,"date":"2024-08-27T09:05:13","date_gmt":"2024-08-27T07:05:13","guid":{"rendered":"http:\/\/axisport.fr\/?page_id=9"},"modified":"2026-01-22T21:14:02","modified_gmt":"2026-01-22T20:14:02","slug":"accueil","status":"publish","type":"page","link":"https:\/\/axisport.fr\/","title":{"rendered":"Accueil"},"content":{"rendered":"\n<section class=\"wp-block-group alignfull has-background has-global-padding is-layout-constrained wp-container-core-group-is-layout-05455e64 wp-block-group-is-layout-constrained\" style=\"background-color:#ffffff;margin-top:0px;padding-top:6rem;padding-right:1rem;padding-bottom:4.5rem;padding-left:1rem;font-size:clamp(0.875rem, 0.875rem + ((1vw - 0.2rem) * 0.464), 1.13rem);font-style:normal;font-weight:400;line-height:1.4\">\n<div class=\"wp-block-columns is-layout-flex wp-container-core-columns-is-layout-2e7296b4 wp-block-columns-is-layout-flex\" style=\"margin-bottom:0px\">\n<div class=\"wp-block-column is-vertically-aligned-center is-layout-flow wp-block-column-is-layout-flow\" style=\"padding-right:1rem;padding-left:1rem;flex-basis:35%\">\n<figure class=\"wp-block-image aligncenter size-full is-resized has-custom-border\"><img loading=\"lazy\" decoding=\"async\" width=\"550\" height=\"413\" src=\"https:\/\/axisport.fr\/wp-content\/uploads\/2024\/08\/trois-activites-a-la-2.jpg\" alt=\"\" class=\"wp-image-120\" style=\"border-style:none;border-width:0px;border-radius:30px;width:350px\" srcset=\"https:\/\/axisport.fr\/wp-content\/uploads\/2024\/08\/trois-activites-a-la-2.jpg 550w, https:\/\/axisport.fr\/wp-content\/uploads\/2024\/08\/trois-activites-a-la-2-300x225.jpg 300w\" sizes=\"auto, (max-width: 550px) 100vw, 550px\" \/><\/figure>\n<\/div>\n\n\n\n<div class=\"wp-block-column has-global-padding is-layout-constrained wp-container-core-column-is-layout-b4ec969c wp-block-column-is-layout-constrained\" style=\"padding-top:2.01rem\">\n<div class=\"wp-block-group has-global-padding is-layout-constrained wp-container-core-group-is-layout-1ef0daef wp-block-group-is-layout-constrained\" style=\"min-height:100%;padding-top:0;padding-right:var(--wp--preset--spacing--60);padding-bottom:0;padding-left:var(--wp--preset--spacing--60)\">\n<h3 class=\"wp-block-heading has-text-align-center has-text-color has-background\" style=\"color:#010101;background-color:#f8f8f8;margin-top:0.5rem;margin-bottom:0rem;font-size:clamp(1.556rem, 1.556rem + ((1vw - 0.2rem) * 1.916), 2.61rem);font-style:normal;font-weight:500;letter-spacing:0px;line-height:1.3\">AXISPORT<\/h3>\n\n\n\n<p class=\"has-text-align-center has-text-color\" style=\"color:#010101;margin-top:0rem;font-size:clamp(0.875rem, 0.875rem + ((1vw - 0.2rem) * 0.245), 1.01rem);font-style:normal;font-weight:400;line-height:1.5\">AXISPORT est une association sportive \u00e0 destination des salari\u00e9s d&#8217;AXIMA CONCEPT MARCQ EN BAROEUL permettant de \u00ab\u00a0promouvoir la pratique de disciplines sportives en salles et en pleine nature\u00a0\u00bb, elle existe depuis le 08\/07\/2024. Elle compte 38 adh\u00e9rents pour l&#8217;ann\u00e9e 2025-2026.<br><\/p>\n\n\n\n<p class=\"has-text-align-center has-text-color\" style=\"color:#010101;margin-top:0rem;font-size:clamp(0.875rem, 0.875rem + ((1vw - 0.2rem) * 0.245), 1.01rem);font-style:normal;font-weight:400;line-height:1.5\">L&#8217;activit\u00e9 principale est la mise \u00e0 disposition hebdomadaire de plusieurs terrains de raquettes.<br><\/p>\n<\/div>\n<\/div>\n<\/div>\n<\/section>\n\n\n\n<div class=\"wp-block-cover alignfull is-light\" style=\"padding-top:3.51rem;padding-right:0px;padding-bottom:2.01rem;padding-left:0px;min-height:299px;aspect-ratio:unset;\"><span aria-hidden=\"true\" class=\"wp-block-cover__background has-white-background-color has-background-dim-100 has-background-dim\"><\/span><div class=\"wp-block-cover__inner-container is-layout-flow wp-block-cover-is-layout-flow\">\n<h2 class=\"wp-block-heading\" style=\"margin-right:var(--wp--preset--spacing--80);margin-left:var(--wp--preset--spacing--80);padding-top:var(--wp--preset--spacing--50);padding-bottom:var(--wp--preset--spacing--50)\">Sports hebdomadaires<\/h2>\n\n\n\n<div class=\"wp-block-columns are-vertically-aligned-center is-layout-flex wp-container-core-columns-is-layout-bb1e1a5b wp-block-columns-is-layout-flex\" style=\"margin-top:0;margin-bottom:0;padding-right:var(--wp--preset--spacing--60);padding-left:var(--wp--preset--spacing--60);letter-spacing:1px;line-height:1\">\n<div class=\"wp-block-column is-vertically-aligned-center is-layout-flow wp-block-column-is-layout-flow\">\n<div class=\"wp-block-media-text is-stacked-on-mobile\"><figure class=\"wp-block-media-text__media\"><img loading=\"lazy\" decoding=\"async\" width=\"740\" height=\"740\" src=\"https:\/\/axisport.fr\/wp-content\/uploads\/2024\/09\/illustration-concept-tennis_1143.jpg\" alt=\"\" class=\"wp-image-202 size-full\" srcset=\"https:\/\/axisport.fr\/wp-content\/uploads\/2024\/09\/illustration-concept-tennis_1143.jpg 740w, https:\/\/axisport.fr\/wp-content\/uploads\/2024\/09\/illustration-concept-tennis_1143-300x300.jpg 300w, https:\/\/axisport.fr\/wp-content\/uploads\/2024\/09\/illustration-concept-tennis_1143-150x150.jpg 150w\" sizes=\"auto, (max-width: 740px) 100vw, 740px\" \/><\/figure><div class=\"wp-block-media-text__content\">\n<details class=\"wp-block-details is-layout-flow wp-block-details-is-layout-flow\"><summary>Tennis<\/summary>\n<p style=\"padding-top:0;padding-right:0;padding-bottom:0;padding-left:0;line-height:1.1\"><br>Un terrain est r\u00e9serv\u00e9 chaque semaine pour la pratique du tennis.<br><br>Terrain int\u00e9rieur<\/p>\n<\/details>\n<\/div><\/div>\n<\/div>\n\n\n\n<div class=\"wp-block-column is-vertically-aligned-center is-layout-flow wp-block-column-is-layout-flow\">\n<div class=\"wp-block-media-text is-stacked-on-mobile\"><figure class=\"wp-block-media-text__media\"><img loading=\"lazy\" decoding=\"async\" width=\"626\" height=\"626\" src=\"https:\/\/axisport.fr\/wp-content\/uploads\/2024\/09\/illustration-concept-padel_11436.avif\" alt=\"\" class=\"wp-image-204 size-full\"\/><\/figure><div class=\"wp-block-media-text__content\">\n<details class=\"wp-block-details is-layout-flow wp-block-details-is-layout-flow\"><summary>Padel<\/summary>\n<p><br>6 courts sont r\u00e9serv\u00e9s mensuellement pour pratiquer le padel.<br><br>Court ext\u00e9rieur couvert.<\/p>\n<\/details>\n<\/div><\/div>\n<\/div>\n<\/div>\n\n\n\n<div class=\"wp-block-columns are-vertically-aligned-center is-layout-flex wp-container-core-columns-is-layout-bb1e1a5b wp-block-columns-is-layout-flex\" style=\"margin-top:0;margin-bottom:0;padding-right:var(--wp--preset--spacing--60);padding-left:var(--wp--preset--spacing--60);letter-spacing:1px;line-height:1\">\n<div class=\"wp-block-column is-vertically-aligned-center is-layout-flow wp-block-column-is-layout-flow\">\n<div class=\"wp-block-media-text is-stacked-on-mobile\"><figure class=\"wp-block-media-text__media\"><img loading=\"lazy\" decoding=\"async\" width=\"600\" height=\"400\" src=\"https:\/\/axisport.fr\/wp-content\/uploads\/2025\/07\/depositphotos_540351482-stock-il.webp\" alt=\"\" class=\"wp-image-398 size-full\" srcset=\"https:\/\/axisport.fr\/wp-content\/uploads\/2025\/07\/depositphotos_540351482-stock-il.webp 600w, https:\/\/axisport.fr\/wp-content\/uploads\/2025\/07\/depositphotos_540351482-stock-il-300x200.webp 300w\" sizes=\"auto, (max-width: 600px) 100vw, 600px\" \/><\/figure><div class=\"wp-block-media-text__content\">\n<details class=\"wp-block-details is-layout-flow wp-block-details-is-layout-flow\"><summary>Pickleball<\/summary>\n<p style=\"padding-top:0;padding-right:0;padding-bottom:0;padding-left:0;line-height:1.1\"><br>Deux terrains sont propos\u00e9s chaque mois pour la pratique du pickleball.<br><br>Terrain int\u00e9rieur<\/p>\n<\/details>\n<\/div><\/div>\n<\/div>\n\n\n\n<div class=\"wp-block-column is-vertically-aligned-center is-layout-flow wp-block-column-is-layout-flow\">\n<div class=\"wp-block-media-text is-stacked-on-mobile\"><figure class=\"wp-block-media-text__media\"><img loading=\"lazy\" decoding=\"async\" width=\"740\" height=\"740\" src=\"https:\/\/axisport.fr\/wp-content\/uploads\/2024\/09\/illustration-concept-badminton_1.jpg\" alt=\"\" class=\"wp-image-207 size-full\" srcset=\"https:\/\/axisport.fr\/wp-content\/uploads\/2024\/09\/illustration-concept-badminton_1.jpg 740w, https:\/\/axisport.fr\/wp-content\/uploads\/2024\/09\/illustration-concept-badminton_1-300x300.jpg 300w, https:\/\/axisport.fr\/wp-content\/uploads\/2024\/09\/illustration-concept-badminton_1-150x150.jpg 150w\" sizes=\"auto, (max-width: 740px) 100vw, 740px\" \/><\/figure><div class=\"wp-block-media-text__content\">\n<details class=\"wp-block-details is-layout-flow wp-block-details-is-layout-flow\"><summary>Badminton<\/summary>\n<p><br>Deux cr\u00e9neaux sont disponibles pour les adh\u00e9rents.<br><br>Terrains int\u00e9rieurs.<\/p>\n<\/details>\n<\/div><\/div>\n<\/div>\n<\/div>\n\n\n\n<h2 class=\"wp-block-heading\" style=\"margin-top:0;margin-right:var(--wp--preset--spacing--80);margin-bottom:0;margin-left:var(--wp--preset--spacing--80);padding-top:var(--wp--preset--spacing--50);padding-bottom:var(--wp--preset--spacing--50)\">Autres avantages d&#8217;adh\u00e9rer<\/h2>\n\n\n\n<div class=\"wp-block-columns are-vertically-aligned-center is-layout-flex wp-container-core-columns-is-layout-cad298ab wp-block-columns-is-layout-flex\" style=\"padding-right:var(--wp--preset--spacing--60);padding-left:var(--wp--preset--spacing--60);line-height:1\">\n<div class=\"wp-block-column is-vertically-aligned-center is-layout-flow wp-block-column-is-layout-flow\">\n<div class=\"wp-block-media-text is-stacked-on-mobile\" style=\"margin-right:var(--wp--preset--spacing--20);margin-left:var(--wp--preset--spacing--20)\"><figure class=\"wp-block-media-text__media\"><img loading=\"lazy\" decoding=\"async\" width=\"245\" height=\"250\" src=\"https:\/\/axisport.fr\/wp-content\/uploads\/2024\/09\/6qQezS-LogoMakr.png\" alt=\"\" class=\"wp-image-193 size-full\"\/><\/figure><div class=\"wp-block-media-text__content\">\n<details class=\"wp-block-details is-layout-flow wp-block-details-is-layout-flow\"><summary>Ev\u00e8nements trimestriels<\/summary>\n<p><br>Chaque trimestre, un \u00e9v\u00e9nement est propos\u00e9 \u00e0 l&#8217;ensemble des collaborateurs. <br><br>Les adh\u00e9rents b\u00e9n\u00e9ficient d&#8217;une r\u00e9duction.<\/p>\n<\/details>\n<\/div><\/div>\n<\/div>\n\n\n\n<div class=\"wp-block-column is-vertically-aligned-center is-layout-flow wp-block-column-is-layout-flow\">\n<div class=\"wp-block-media-text is-stacked-on-mobile\" style=\"margin-right:var(--wp--preset--spacing--20);margin-left:var(--wp--preset--spacing--20)\"><figure class=\"wp-block-media-text__media\"><img loading=\"lazy\" decoding=\"async\" width=\"270\" height=\"270\" src=\"https:\/\/axisport.fr\/wp-content\/uploads\/2024\/09\/74edOP-LogoMakr-1.png\" alt=\"\" class=\"wp-image-197 size-full\" srcset=\"https:\/\/axisport.fr\/wp-content\/uploads\/2024\/09\/74edOP-LogoMakr-1.png 270w, https:\/\/axisport.fr\/wp-content\/uploads\/2024\/09\/74edOP-LogoMakr-1-150x150.png 150w\" sizes=\"auto, (max-width: 270px) 100vw, 270px\" \/><\/figure><div class=\"wp-block-media-text__content\">\n<details class=\"wp-block-details is-layout-flow wp-block-details-is-layout-flow\"><summary>T-shirt<\/summary>\n<p><br>Chaque membre se verra attribuer un T-Shirt aux couleurs de l&#8217;association.<\/p>\n<\/details>\n<\/div><\/div>\n<\/div>\n\n\n\n<div class=\"wp-block-column is-vertically-aligned-center is-layout-flow wp-block-column-is-layout-flow\">\n<div class=\"wp-block-media-text is-stacked-on-mobile\" style=\"margin-right:var(--wp--preset--spacing--20);margin-left:var(--wp--preset--spacing--20)\"><figure class=\"wp-block-media-text__media\"><img loading=\"lazy\" decoding=\"async\" width=\"500\" height=\"500\" src=\"https:\/\/axisport.fr\/wp-content\/uploads\/2024\/09\/adherer_2_orig.png\" alt=\"\" class=\"wp-image-191 size-full\" srcset=\"https:\/\/axisport.fr\/wp-content\/uploads\/2024\/09\/adherer_2_orig.png 500w, https:\/\/axisport.fr\/wp-content\/uploads\/2024\/09\/adherer_2_orig-300x300.png 300w, https:\/\/axisport.fr\/wp-content\/uploads\/2024\/09\/adherer_2_orig-150x150.png 150w\" sizes=\"auto, (max-width: 500px) 100vw, 500px\" \/><\/figure><div class=\"wp-block-media-text__content\">\n<details class=\"wp-block-details is-layout-flow wp-block-details-is-layout-flow\"><summary>Adh\u00e9sion remboursable<\/summary>\n<p><br>L&#8217;adh\u00e9sion annuelle est de minimum<strong><mark style=\"background-color:rgba(0, 0, 0, 0);color:#70bd95\" class=\"has-inline-color\"> 30\u20ac<\/mark><\/strong> pour la p\u00e9riode 09\/2025-08\/2026.<br><br>Un remboursement par le CSE d&#8217;AXIMA est possible si vous n&#8217;avez pas encore utilis\u00e9 votre remboursement &#8220;Sport &amp; Loisirs&#8221;<\/p>\n<\/details>\n<\/div><\/div>\n<\/div>\n<\/div>\n<\/div><\/div>\n","protected":false},"excerpt":{"rendered":"<p>AXISPORT AXISPORT est une association sportive \u00e0 destination des salari\u00e9s d&#8217;AXIMA CONCEPT MARCQ EN BAROEUL permettant de \u00ab\u00a0promouvoir la pratique de disciplines sportives en salles et en pleine nature\u00a0\u00bb, elle existe depuis le 08\/07\/2024. Elle compte 38 adh\u00e9rents pour l&#8217;ann\u00e9e 2025-2026. L&#8217;activit\u00e9 principale est la mise \u00e0 disposition hebdomadaire de plusieurs terrains de raquettes.<\/p>\n","protected":false},"author":1,"featured_media":0,"parent":0,"menu_order":0,"comment_status":"closed","ping_status":"closed","template":"","meta":{"footnotes":""},"class_list":["post-9","page","type-page","status-publish","hentry"],"_links":{"self":[{"href":"https:\/\/axisport.fr\/index.php\/wp-json\/wp\/v2\/pages\/9","targetHints":{"allow":["GET"]}}],"collection":[{"href":"https:\/\/axisport.fr\/index.php\/wp-json\/wp\/v2\/pages"}],"about":[{"href":"https:\/\/axisport.fr\/index.php\/wp-json\/wp\/v2\/types\/page"}],"author":[{"embeddable":true,"href":"https:\/\/axisport.fr\/index.php\/wp-json\/wp\/v2\/users\/1"}],"replies":[{"embeddable":true,"href":"https:\/\/axisport.fr\/index.php\/wp-json\/wp\/v2\/comments?post=9"}],"version-history":[{"count":34,"href":"https:\/\/axisport.fr\/index.php\/wp-json\/wp\/v2\/pages\/9\/revisions"}],"predecessor-version":[{"id":482,"href":"https:\/\/axisport.fr\/index.php\/wp-json\/wp\/v2\/pages\/9\/revisions\/482"}],"wp:attachment":[{"href":"https:\/\/axisport.fr\/index.php\/wp-json\/wp\/v2\/media?parent=9"}],"curies":[{"name":"wp","href":"https:\/\/api.w.org\/{rel}","templated":true}]}}