{"id":426,"date":"2025-08-26T16:36:35","date_gmt":"2025-08-26T14:36:35","guid":{"rendered":"https:\/\/axisport.fr\/?page_id=426"},"modified":"2025-08-26T16:42:50","modified_gmt":"2025-08-26T14:42:50","slug":"initiation-golf-2025","status":"publish","type":"page","link":"https:\/\/axisport.fr\/index.php\/initiation-golf-2025\/","title":{"rendered":"Initiation golf 2025"},"content":{"rendered":"\n<h2 class=\"wp-block-heading\">Le concept<\/h2>\n\n\n\n<p style=\"padding-top:0;padding-bottom:0;line-height:1\">C\u2019est ce truc un peu magique o\u00f9 on transpire, on rigole, on se d\u00e9passe (ou pas), et surtout\u2026 on partage un bon moment ensemble.<br>Et cette fois-ci, on vous propose de d\u00e9couvrir un sport o\u00f9 la pr\u00e9cision est reine, le calme est roi, et les balles volent (parfois) dans la bonne direction.<br><br>L&#8217;activit\u00e9 s&#8217;est d\u00e9roul\u00e9e au Golf des Flandres de Marcq-en-Bar\u0153ul que nous remercions pour l&#8217;initiation.<\/p>\n\n\n\n<figure class=\"wp-block-image size-large\"><img loading=\"lazy\" decoding=\"async\" width=\"1024\" height=\"563\" src=\"https:\/\/axisport.fr\/wp-content\/uploads\/2025\/08\/Capture-decran-2025-08-26-154505-1024x563.png\" alt=\"\" class=\"wp-image-428\" srcset=\"https:\/\/axisport.fr\/wp-content\/uploads\/2025\/08\/Capture-decran-2025-08-26-154505-1024x563.png 1024w, https:\/\/axisport.fr\/wp-content\/uploads\/2025\/08\/Capture-decran-2025-08-26-154505-300x165.png 300w, https:\/\/axisport.fr\/wp-content\/uploads\/2025\/08\/Capture-decran-2025-08-26-154505-768x422.png 768w, https:\/\/axisport.fr\/wp-content\/uploads\/2025\/08\/Capture-decran-2025-08-26-154505-1536x844.png 1536w, https:\/\/axisport.fr\/wp-content\/uploads\/2025\/08\/Capture-decran-2025-08-26-154505.png 1910w\" sizes=\"auto, (max-width: 1024px) 100vw, 1024px\" \/><\/figure>\n\n\n\n<h2 class=\"wp-block-heading\" style=\"margin-top:var(--wp--preset--spacing--30);margin-bottom:var(--wp--preset--spacing--30)\">Retour sur l&#8217;apr\u00e8s-midi<\/h2>\n\n\n\n<p style=\"border-style:none;border-width:0px;margin-top:0;margin-right:0;margin-bottom:0;margin-left:0;padding-right:0;padding-left:0;line-height:1\">14 personnes ont pris part \u00e0 cet \u00e9v\u00e9nement du 22 aout 2025, o\u00f9 chaque participant a eu l&#8217;occasion de se tester au practice, de s&#8217;amuser autour du green et de s&#8217;essayer sur un trou dont le record est de 4 coups toutes initiations confondues.<br><br>Bien \u00e9videment, les deux \u00e9quipes ont battu ce record vieux de plusieurs ann\u00e9es.<br><br>Quelques photos de l&#8217;\u00e9v\u00e8nement : <br><br>Le pratice, terre des Rookies : <br><\/p>\n\n\n\n<div class=\"alignnormal\"><div id=\"metaslider-id-430\" style=\"width: 100%;\" class=\"ml-slider-3-97-0 metaslider metaslider-flex metaslider-430 ml-slider ms-theme-default-base has-dots-nav\" role=\"region\" aria-roledescription=\"Slideshow\" aria-label=\"Golf pratice\" data-width=\"1500\">\n    <div id=\"metaslider_container_430\">\n        <div id=\"metaslider_430\">\n            <ul class='slides'>\n                <li style=\"display: block; width: 100%;\" class=\"slide-436 ms-image \" aria-roledescription=\"slide\" aria-label=\"slide-436\" data-date=\"2025-08-26 16:20:17\"><img loading=\"lazy\" decoding=\"async\" src=\"https:\/\/axisport.fr\/wp-content\/uploads\/2025\/08\/20250822_173153-scaled-1500x600.jpg\" height=\"600\" width=\"1500\" alt=\"\" class=\"slider-430 slide-436\" title=\"20250822_173153\" \/><\/li>\n                <li style=\"display: none; width: 100%;\" class=\"slide-438 ms-image \" aria-roledescription=\"slide\" aria-label=\"slide-438\" data-date=\"2025-08-26 16:20:17\"><img loading=\"lazy\" decoding=\"async\" src=\"https:\/\/axisport.fr\/wp-content\/uploads\/2025\/08\/20250822_170854-scaled-1500x600.jpg\" height=\"600\" width=\"1500\" alt=\"\" class=\"slider-430 slide-438\" title=\"20250822_170854\" \/><\/li>\n                <li style=\"display: none; width: 100%;\" class=\"slide-439 ms-image \" aria-roledescription=\"slide\" aria-label=\"slide-439\" data-date=\"2025-08-26 16:20:17\"><img loading=\"lazy\" decoding=\"async\" src=\"https:\/\/axisport.fr\/wp-content\/uploads\/2025\/08\/WhatsApp-Image-2025-08-22-at-20.54.21-1500x600.jpeg\" height=\"600\" width=\"1500\" alt=\"\" class=\"slider-430 slide-439\" title=\"WhatsApp Image 2025-08-22 at 20.54.21\" \/><\/li>\n                <li style=\"display: none; width: 100%;\" class=\"slide-440 ms-image \" aria-roledescription=\"slide\" aria-label=\"slide-440\" data-date=\"2025-08-26 16:20:17\"><img loading=\"lazy\" decoding=\"async\" src=\"https:\/\/axisport.fr\/wp-content\/uploads\/2025\/08\/20250822_173337-scaled-1500x600.jpg\" height=\"600\" width=\"1500\" alt=\"\" class=\"slider-430 slide-440\" title=\"20250822_173337\" \/><\/li>\n            <\/ul>\n        <\/div>\n        \n    <\/div>\n<\/div><\/div>\n\n\n\n<p>Le green et la maitrise du putter :<\/p>\n\n\n\n<p><br><\/p>\n\n\n\n<div class=\"alignnormal\"><div id=\"metaslider-id-441\" style=\"width: 100%;\" class=\"ml-slider-3-97-0 metaslider metaslider-flex metaslider-441 ml-slider ms-theme-default-base has-dots-nav\" role=\"region\" aria-roledescription=\"Slideshow\" aria-label=\"Golf green\" data-width=\"2500\">\n    <div id=\"metaslider_container_441\">\n        <div id=\"metaslider_441\">\n            <ul class='slides'>\n                <li style=\"display: block; width: 100%;\" class=\"slide-447 ms-image \" aria-roledescription=\"slide\" aria-label=\"slide-447\" data-date=\"2025-08-26 16:22:38\"><img loading=\"lazy\" decoding=\"async\" src=\"https:\/\/axisport.fr\/wp-content\/uploads\/2025\/08\/20250822_180453-scaled-2500x1500.jpg\" height=\"1500\" width=\"2500\" alt=\"\" class=\"slider-441 slide-447\" title=\"20250822_180453\" \/><\/li>\n                <li style=\"display: none; width: 100%;\" class=\"slide-448 ms-image \" aria-roledescription=\"slide\" aria-label=\"slide-448\" data-date=\"2025-08-26 16:22:38\"><img loading=\"lazy\" decoding=\"async\" src=\"https:\/\/axisport.fr\/wp-content\/uploads\/2025\/08\/20250822_180251-scaled-e1756218263885-1890x1134.jpg\" height=\"1500\" width=\"2500\" alt=\"\" class=\"slider-441 slide-448\" title=\"20250822_180251\" \/><\/li>\n                <li style=\"display: none; width: 100%;\" class=\"slide-449 ms-image \" aria-roledescription=\"slide\" aria-label=\"slide-449\" data-date=\"2025-08-26 16:22:38\"><img loading=\"lazy\" decoding=\"async\" src=\"https:\/\/axisport.fr\/wp-content\/uploads\/2025\/08\/20250822_180129-scaled-2500x1500.jpg\" height=\"1500\" width=\"2500\" alt=\"\" class=\"slider-441 slide-449\" title=\"20250822_180129\" \/><\/li>\n            <\/ul>\n        <\/div>\n        \n    <\/div>\n<\/div><\/div>\n\n\n\n<p>Road to Hole-in-one :<br><br><br><\/p>\n\n\n\n<div class=\"alignnormal\"><div id=\"metaslider-id-452\" style=\"width: 100%;\" class=\"ml-slider-3-97-0 metaslider metaslider-flex metaslider-452 ml-slider ms-theme-default-base has-dots-nav\" role=\"region\" aria-roledescription=\"Slideshow\" aria-label=\"Golf hole in one\" data-width=\"700\">\n    <div id=\"metaslider_container_452\">\n        <div id=\"metaslider_452\">\n            <ul class='slides'>\n                <li style=\"display: block; width: 100%;\" class=\"slide-458 ms-image \" aria-roledescription=\"slide\" aria-label=\"slide-458\" data-date=\"2025-08-26 16:28:44\"><img loading=\"lazy\" decoding=\"async\" src=\"https:\/\/axisport.fr\/wp-content\/uploads\/2025\/08\/20250822_182400-scaled-700x300.jpg\" height=\"300\" width=\"700\" alt=\"\" class=\"slider-452 slide-458\" title=\"20250822_182400\" \/><\/li>\n                <li style=\"display: none; width: 100%;\" class=\"slide-456 ms-image \" aria-roledescription=\"slide\" aria-label=\"slide-456\" data-date=\"2025-08-26 16:28:44\"><img loading=\"lazy\" decoding=\"async\" src=\"https:\/\/axisport.fr\/wp-content\/uploads\/2025\/08\/20250822_184411-scaled-700x300.jpg\" height=\"300\" width=\"700\" alt=\"\" class=\"slider-452 slide-456\" title=\"20250822_184411\" \/><\/li>\n                <li style=\"display: none; width: 100%;\" class=\"slide-457 ms-image \" aria-roledescription=\"slide\" aria-label=\"slide-457\" data-date=\"2025-08-26 16:28:44\"><img loading=\"lazy\" decoding=\"async\" src=\"https:\/\/axisport.fr\/wp-content\/uploads\/2025\/08\/20250822_183146-scaled-700x300.jpg\" height=\"300\" width=\"700\" alt=\"\" class=\"slider-452 slide-457\" title=\"20250822_183146\" \/><\/li>\n            <\/ul>\n        <\/div>\n        \n    <\/div>\n<\/div><\/div>\n","protected":false},"excerpt":{"rendered":"<p>Le concept C\u2019est ce truc un peu magique o\u00f9 on transpire, on rigole, on se d\u00e9passe (ou pas), et surtout\u2026 on partage un bon moment ensemble.Et cette fois-ci, on vous propose de d\u00e9couvrir un sport o\u00f9 la pr\u00e9cision est reine, le calme est roi, et les balles volent (parfois) dans la bonne direction. L&#8217;activit\u00e9 s&#8217;est [&hellip;]<\/p>\n","protected":false},"author":1,"featured_media":0,"parent":0,"menu_order":0,"comment_status":"closed","ping_status":"closed","template":"","meta":{"footnotes":""},"class_list":["post-426","page","type-page","status-publish","hentry"],"_links":{"self":[{"href":"https:\/\/axisport.fr\/index.php\/wp-json\/wp\/v2\/pages\/426","targetHints":{"allow":["GET"]}}],"collection":[{"href":"https:\/\/axisport.fr\/index.php\/wp-json\/wp\/v2\/pages"}],"about":[{"href":"https:\/\/axisport.fr\/index.php\/wp-json\/wp\/v2\/types\/page"}],"author":[{"embeddable":true,"href":"https:\/\/axisport.fr\/index.php\/wp-json\/wp\/v2\/users\/1"}],"replies":[{"embeddable":true,"href":"https:\/\/axisport.fr\/index.php\/wp-json\/wp\/v2\/comments?post=426"}],"version-history":[{"count":7,"href":"https:\/\/axisport.fr\/index.php\/wp-json\/wp\/v2\/pages\/426\/revisions"}],"predecessor-version":[{"id":468,"href":"https:\/\/axisport.fr\/index.php\/wp-json\/wp\/v2\/pages\/426\/revisions\/468"}],"wp:attachment":[{"href":"https:\/\/axisport.fr\/index.php\/wp-json\/wp\/v2\/media?parent=426"}],"curies":[{"name":"wp","href":"https:\/\/api.w.org\/{rel}","templated":true}]}}