{"id":263,"date":"2024-09-04T17:10:53","date_gmt":"2024-09-04T15:10:53","guid":{"rendered":"https:\/\/axisport.fr\/?page_id=263"},"modified":"2024-10-18T08:43:39","modified_gmt":"2024-10-18T06:43:39","slug":"championnat-padel-2024","status":"publish","type":"page","link":"https:\/\/axisport.fr\/index.php\/championnat-padel-2024\/","title":{"rendered":"Championnat PADEL 2024"},"content":{"rendered":"\n<h2 class=\"wp-block-heading\">Le championnat en quelques lignes<\/h2>\n\n\n\n<p class=\"has-text-align-left justifier\" style=\"margin-top:var(--wp--preset--spacing--40);margin-bottom:var(--wp--preset--spacing--40);line-height:1.1\">Un championnat de padel AXIMA s&#8217;est d\u00e9roul\u00e9 du 21 janvier 2024 au 20 septembre 2024. 9 \u00e9quipes \u00e9taient inscrites.<br><br>Le d\u00e9roulement \u00e9tait en deux parties : une saison r\u00e9guli\u00e8re jusqu&#8217;au 21 juin 2024 pendant laquelle l&#8217;ensemble des \u00e9quipes s&#8217;affrontent puis des play-offs le 20 septembre permettant de r\u00e9compenser la meilleure \u00e9quipe au cours d&#8217;une soir\u00e9e conviviale.<\/p>\n\n\n\n<h2 class=\"wp-block-heading\" style=\"margin-top:var(--wp--preset--spacing--30);margin-bottom:var(--wp--preset--spacing--30)\">Retour sur la saison r\u00e9guli\u00e8re<\/h2>\n\n\n\n<div class=\"wp-block-cover aligncenter is-light has-text-color\" style=\"color:#212529;margin-top:32px;margin-bottom:32px;padding-top:0px;padding-bottom:0px;min-height:50px;aspect-ratio:unset;\"><span aria-hidden=\"true\" class=\"wp-block-cover__background has-background-dim-100 has-background-dim\" style=\"background-color:#70bd95\"><\/span><div class=\"wp-block-cover__inner-container has-global-padding is-layout-constrained wp-block-cover-is-layout-constrained\">\n<div class=\"wp-block-columns alignfull are-vertically-aligned-center has-small-font-size is-layout-flex wp-container-core-columns-is-layout-d8a58a22 wp-block-columns-is-layout-flex\" style=\"margin-bottom:0px;padding-top:0;padding-right:0;padding-bottom:0;padding-left:0\">\n<div class=\"wp-block-column is-vertically-aligned-center is-layout-flow wp-block-column-is-layout-flow\">\n<p class=\"has-text-align-center has-text-color\" style=\"color:#ffffff;font-size:clamp(38.682px, 2.418rem + ((1vw - 3.2px) * 3.786), 72px);font-style:normal;font-weight:700;line-height:1\">36<\/p>\n\n\n\n<p class=\"has-text-color\" style=\"color:#ffffff;margin-top:12px;font-size:clamp(14px, 0.875rem + ((1vw - 3.2px) * 0.455), 18px);line-height:1\">Le nombre de matchs jou\u00e9s.<\/p>\n<\/div>\n\n\n\n<div class=\"wp-block-column is-vertically-aligned-center is-layout-flow wp-block-column-is-layout-flow\">\n<p class=\"has-text-align-center has-text-color\" style=\"color:#ffffff;font-size:clamp(38.682px, 2.418rem + ((1vw - 3.2px) * 3.786), 72px);font-style:normal;font-weight:700;line-height:1\">605<\/p>\n\n\n\n<p class=\"has-text-align-left has-text-color\" style=\"color:#ffffff;margin-top:12px;font-size:clamp(14px, 0.875rem + ((1vw - 3.2px) * 0.455), 18px);line-height:1\">Le nombre de jeux lors des 35 matchs.<\/p>\n<\/div>\n\n\n\n<div class=\"wp-block-column is-vertically-aligned-center is-layout-flow wp-block-column-is-layout-flow\">\n<p class=\"has-text-align-center has-text-color\" style=\"color:#ffffff;font-size:clamp(38.682px, 2.418rem + ((1vw - 3.2px) * 3.786), 72px);font-style:normal;font-weight:700;line-height:1\">2<\/p>\n\n\n\n<p class=\"has-text-align-left justifier has-text-color\" style=\"color:#ffffff;margin-top:12px;font-size:clamp(14px, 0.875rem + ((1vw - 3.2px) * 0.455), 18px);line-height:1\">\u00e9quipes ont termin\u00e9 invaincues sans perdre le moindre match.<\/p>\n<\/div>\n<\/div>\n<\/div><\/div>\n\n\n\n<p style=\"margin-top:var(--wp--preset--spacing--50);margin-bottom:var(--wp--preset--spacing--50)\">Le classement final de la saison r\u00e9guli\u00e8re :<\/p>\n\n\n\n<figure class=\"wp-block-image aligncenter size-full\"><img loading=\"lazy\" decoding=\"async\" width=\"728\" height=\"465\" src=\"https:\/\/axisport.fr\/wp-content\/uploads\/2024\/09\/classement-final-padel-1.png\" alt=\"\" class=\"wp-image-282\" srcset=\"https:\/\/axisport.fr\/wp-content\/uploads\/2024\/09\/classement-final-padel-1.png 728w, https:\/\/axisport.fr\/wp-content\/uploads\/2024\/09\/classement-final-padel-1-300x192.png 300w\" sizes=\"auto, (max-width: 728px) 100vw, 728px\" \/><\/figure>\n\n\n\n<p>R\u00e9sultats de chaque match<\/p>\n\n\n\n<div class=\"wp-block-file\" style=\"margin-top:var(--wp--preset--spacing--30);margin-bottom:var(--wp--preset--spacing--30)\"><a id=\"wp-block-file--media-dcca0968-5c16-42cf-a0cc-872a872f81ee\" href=\"https:\/\/axisport.fr\/wp-content\/uploads\/2024\/09\/Resultat-de-tous-les-matchs-et-points-bonus_malus.pdf\">R\u00e9sultat de tous les matchs et points bonus_malus<\/a><\/div>\n\n\n\n<h2 class=\"wp-block-heading\" style=\"margin-top:var(--wp--preset--spacing--40);margin-bottom:var(--wp--preset--spacing--40)\">Retour sur la soir\u00e9e finale<\/h2>\n\n\n\n<p style=\"line-height:1.1\">Trois poules ont permis de r\u00e9partir l\u2019ensemble des \u00e9quipes dans deux tableaux \u00e9liminatoires (tableau haut et tableau bas)\u00a0et d\u00e9signer le grand gagnant : Arthur et Alain !<br><br>Quelques photos :<br><\/p>\n\n\n\n<figure class=\"wp-block-gallery has-nested-images columns-default is-cropped wp-block-gallery-1 is-layout-flex wp-block-gallery-is-layout-flex\">\n<figure class=\"wp-block-image size-large\"><img loading=\"lazy\" decoding=\"async\" width=\"1024\" height=\"768\" data-id=\"310\" src=\"https:\/\/axisport.fr\/wp-content\/uploads\/2024\/10\/IMG_7296-2-1024x768.jpg\" alt=\"\" class=\"wp-image-310\" srcset=\"https:\/\/axisport.fr\/wp-content\/uploads\/2024\/10\/IMG_7296-2-1024x768.jpg 1024w, https:\/\/axisport.fr\/wp-content\/uploads\/2024\/10\/IMG_7296-2-300x225.jpg 300w, https:\/\/axisport.fr\/wp-content\/uploads\/2024\/10\/IMG_7296-2-768x576.jpg 768w, https:\/\/axisport.fr\/wp-content\/uploads\/2024\/10\/IMG_7296-2-1536x1152.jpg 1536w, https:\/\/axisport.fr\/wp-content\/uploads\/2024\/10\/IMG_7296-2-2048x1536.jpg 2048w\" sizes=\"auto, (max-width: 1024px) 100vw, 1024px\" \/><\/figure>\n\n\n\n<figure class=\"wp-block-image size-large\"><img loading=\"lazy\" decoding=\"async\" width=\"1024\" height=\"768\" data-id=\"307\" src=\"https:\/\/axisport.fr\/wp-content\/uploads\/2024\/10\/IMG_7299-2-1024x768.jpg\" alt=\"\" class=\"wp-image-307\" srcset=\"https:\/\/axisport.fr\/wp-content\/uploads\/2024\/10\/IMG_7299-2-1024x768.jpg 1024w, https:\/\/axisport.fr\/wp-content\/uploads\/2024\/10\/IMG_7299-2-300x225.jpg 300w, https:\/\/axisport.fr\/wp-content\/uploads\/2024\/10\/IMG_7299-2-768x576.jpg 768w, https:\/\/axisport.fr\/wp-content\/uploads\/2024\/10\/IMG_7299-2-1536x1152.jpg 1536w, https:\/\/axisport.fr\/wp-content\/uploads\/2024\/10\/IMG_7299-2-2048x1536.jpg 2048w\" sizes=\"auto, (max-width: 1024px) 100vw, 1024px\" \/><\/figure>\n\n\n\n<figure class=\"wp-block-image size-large\"><img loading=\"lazy\" decoding=\"async\" width=\"2560\" height=\"1920\" data-id=\"309\" src=\"https:\/\/axisport.fr\/wp-content\/uploads\/2024\/10\/IMG_7312-2-scaled.jpg\" alt=\"\" class=\"wp-image-309\" srcset=\"https:\/\/axisport.fr\/wp-content\/uploads\/2024\/10\/IMG_7312-2-scaled.jpg 2560w, https:\/\/axisport.fr\/wp-content\/uploads\/2024\/10\/IMG_7312-2-300x225.jpg 300w\" sizes=\"auto, (max-width: 2560px) 100vw, 2560px\" \/><\/figure>\n\n\n\n<figure class=\"wp-block-image size-large\"><img loading=\"lazy\" decoding=\"async\" width=\"2560\" height=\"1920\" data-id=\"308\" src=\"https:\/\/axisport.fr\/wp-content\/uploads\/2024\/10\/IMG_7305-2-scaled.jpg\" alt=\"\" class=\"wp-image-308\" srcset=\"https:\/\/axisport.fr\/wp-content\/uploads\/2024\/10\/IMG_7305-2-scaled.jpg 2560w, https:\/\/axisport.fr\/wp-content\/uploads\/2024\/10\/IMG_7305-2-300x225.jpg 300w\" sizes=\"auto, (max-width: 2560px) 100vw, 2560px\" \/><\/figure>\n\n\n\n<figure class=\"wp-block-image size-large\"><img loading=\"lazy\" decoding=\"async\" width=\"2560\" height=\"1920\" data-id=\"306\" src=\"https:\/\/axisport.fr\/wp-content\/uploads\/2024\/10\/IMG_7302-2-scaled.jpg\" alt=\"\" class=\"wp-image-306\" srcset=\"https:\/\/axisport.fr\/wp-content\/uploads\/2024\/10\/IMG_7302-2-scaled.jpg 2560w, https:\/\/axisport.fr\/wp-content\/uploads\/2024\/10\/IMG_7302-2-300x225.jpg 300w\" sizes=\"auto, (max-width: 2560px) 100vw, 2560px\" \/><\/figure>\n<\/figure>\n","protected":false},"excerpt":{"rendered":"<p>Le championnat en quelques lignes Un championnat de padel AXIMA s&#8217;est d\u00e9roul\u00e9 du 21 janvier 2024 au 20 septembre 2024. 9 \u00e9quipes \u00e9taient inscrites. Le d\u00e9roulement \u00e9tait en deux parties : une saison r\u00e9guli\u00e8re jusqu&#8217;au 21 juin 2024 pendant laquelle l&#8217;ensemble des \u00e9quipes s&#8217;affrontent puis des play-offs le 20 septembre permettant de r\u00e9compenser la meilleure [&hellip;]<\/p>\n","protected":false},"author":1,"featured_media":0,"parent":0,"menu_order":0,"comment_status":"closed","ping_status":"closed","template":"","meta":{"footnotes":""},"class_list":["post-263","page","type-page","status-publish","hentry"],"_links":{"self":[{"href":"https:\/\/axisport.fr\/index.php\/wp-json\/wp\/v2\/pages\/263","targetHints":{"allow":["GET"]}}],"collection":[{"href":"https:\/\/axisport.fr\/index.php\/wp-json\/wp\/v2\/pages"}],"about":[{"href":"https:\/\/axisport.fr\/index.php\/wp-json\/wp\/v2\/types\/page"}],"author":[{"embeddable":true,"href":"https:\/\/axisport.fr\/index.php\/wp-json\/wp\/v2\/users\/1"}],"replies":[{"embeddable":true,"href":"https:\/\/axisport.fr\/index.php\/wp-json\/wp\/v2\/comments?post=263"}],"version-history":[{"count":18,"href":"https:\/\/axisport.fr\/index.php\/wp-json\/wp\/v2\/pages\/263\/revisions"}],"predecessor-version":[{"id":312,"href":"https:\/\/axisport.fr\/index.php\/wp-json\/wp\/v2\/pages\/263\/revisions\/312"}],"wp:attachment":[{"href":"https:\/\/axisport.fr\/index.php\/wp-json\/wp\/v2\/media?parent=263"}],"curies":[{"name":"wp","href":"https:\/\/api.w.org\/{rel}","templated":true}]}}