{"id":14,"date":"2024-08-27T09:06:03","date_gmt":"2024-08-27T07:06:03","guid":{"rendered":"http:\/\/axisport.fr\/?page_id=14"},"modified":"2025-09-02T21:26:15","modified_gmt":"2025-09-02T19:26:15","slug":"nos_activites_hebdomadaires_au_tcw","status":"publish","type":"page","link":"https:\/\/axisport.fr\/index.php\/nos_activites_hebdomadaires_au_tcw\/","title":{"rendered":"Nos activit\u00e9s hebdomadaires au Tennis Club Wasquehal"},"content":{"rendered":"\n<section class=\"wp-block-group alignfull has-global-padding is-layout-constrained wp-container-core-group-is-layout-a6cfd82e wp-block-group-is-layout-constrained\" style=\"margin-top:0px;padding-top:0;padding-right:var(--wp--preset--spacing--50);padding-bottom:0;padding-left:var(--wp--preset--spacing--50);font-size:clamp(0.875rem, 0.875rem + ((1vw - 0.2rem) * 0.464), 1.13rem);font-style:normal;font-weight:400;line-height:1.4\">\n<div class=\"wp-block-columns is-layout-flex wp-container-core-columns-is-layout-2e7296b4 wp-block-columns-is-layout-flex\" style=\"margin-bottom:0px\">\n<div class=\"wp-block-column is-vertically-aligned-center is-layout-flow wp-block-column-is-layout-flow\" style=\"padding-right:1rem;padding-left:1rem;flex-basis:35%\">\n<figure class=\"wp-block-image aligncenter size-full is-resized has-custom-border\"><img loading=\"lazy\" decoding=\"async\" width=\"341\" height=\"293\" src=\"https:\/\/axisport.fr\/wp-content\/uploads\/2024\/08\/tcw-1.png\" alt=\"\" class=\"wp-image-84\" style=\"border-style:none;border-width:0px;border-radius:30px;width:350px\" srcset=\"https:\/\/axisport.fr\/wp-content\/uploads\/2024\/08\/tcw-1.png 341w, https:\/\/axisport.fr\/wp-content\/uploads\/2024\/08\/tcw-1-300x258.png 300w\" sizes=\"auto, (max-width: 341px) 100vw, 341px\" \/><\/figure>\n<\/div>\n\n\n\n<div class=\"wp-block-column has-global-padding is-layout-constrained wp-container-core-column-is-layout-b4ec969c wp-block-column-is-layout-constrained\" style=\"padding-top:2.01rem\">\n<div class=\"wp-block-group has-global-padding is-layout-constrained wp-container-core-group-is-layout-dca71664 wp-block-group-is-layout-constrained\" style=\"min-height:100%\">\n<h3 class=\"wp-block-heading has-text-align-center has-text-color\" style=\"color:#010101;margin-top:0.5rem;margin-bottom:0rem;font-size:clamp(1.556rem, 1.556rem + ((1vw - 0.2rem) * 1.916), 2.61rem);font-style:normal;font-weight:500;letter-spacing:0px;line-height:1.3\">Complexe Andr\u00e9-AlsbergheWasquehal<\/h3>\n\n\n\n<p class=\"has-text-align-center has-text-color\" style=\"color:#010101;margin-top:0rem;padding-right:var(--wp--preset--spacing--70);padding-left:var(--wp--preset--spacing--70);font-size:clamp(0.875rem, 0.875rem + ((1vw - 0.2rem) * 0.245), 1.01rem);font-style:normal;font-weight:400;line-height:1.5\">Le complexe est situ\u00e9 \u00e0 5 minutes en v\u00e9lo (via canal) ou voiture de l&#8217;agence d&#8217;AXIMA. Les infrastructures sont les suivantes : parking, vestiaires, douches, sandwichs, location de raquettes et de volants. <br><br>La location des diff\u00e9rents terrains est prise en charge par l\u2019agence, les r\u00e9servations des terrains sont g\u00e9r\u00e9es par les dirigeants d&#8217;AXISPORT via un fonctionnement par cartes.<\/p>\n<\/div>\n<\/div>\n<\/div>\n<\/section>\n\n\n\n<div class=\"wp-block-cover alignfull is-light\" style=\"padding-top:3.51rem;padding-right:0px;padding-bottom:2.01rem;padding-left:0px;min-height:299px;aspect-ratio:unset;\"><span aria-hidden=\"true\" class=\"wp-block-cover__background has-background-dim-0 has-background-dim\" style=\"background-color:#fff3ea\"><\/span><div class=\"wp-block-cover__inner-container is-layout-flow wp-block-cover-is-layout-flow\">\n<h2 class=\"wp-block-heading\" style=\"padding-top:var(--wp--preset--spacing--80);padding-right:var(--wp--preset--spacing--80);padding-bottom:var(--wp--preset--spacing--80);padding-left:var(--wp--preset--spacing--80)\">Cr\u00e9neaux 2025-2026 au complexe Andr\u00e9-Alsberghe<\/h2>\n\n\n\n<div class=\"wp-block-columns are-vertically-aligned-center is-layout-flex wp-container-core-columns-is-layout-d11576bb wp-block-columns-is-layout-flex\" style=\"margin-top:0;margin-bottom:0;padding-right:var(--wp--preset--spacing--70);padding-left:var(--wp--preset--spacing--70)\">\n<div class=\"wp-block-column is-vertically-aligned-center is-layout-flow wp-block-column-is-layout-flow\">\n<div class=\"wp-block-media-text is-stacked-on-mobile\"><figure class=\"wp-block-media-text__media\"><img loading=\"lazy\" decoding=\"async\" width=\"455\" height=\"492\" src=\"https:\/\/axisport.fr\/wp-content\/uploads\/2025\/07\/bad-lundi.png\" alt=\"\" class=\"wp-image-402 size-full\" srcset=\"https:\/\/axisport.fr\/wp-content\/uploads\/2025\/07\/bad-lundi.png 455w, https:\/\/axisport.fr\/wp-content\/uploads\/2025\/07\/bad-lundi-277x300.png 277w\" sizes=\"auto, (max-width: 455px) 100vw, 455px\" \/><\/figure><div class=\"wp-block-media-text__content\">\n<details class=\"wp-block-details has-text-color has-link-color has-open-sans-font-family wp-elements-f993fb4ce1d68e85fa55201f5811875e is-layout-flow wp-block-details-is-layout-flow\" style=\"color:#000000\"><summary>Lundi<\/summary>\n<p><br>Pour se remettre en forme apr\u00e8s un long week-end<\/p>\n<\/details>\n<\/div><\/div>\n<\/div>\n\n\n\n<div class=\"wp-block-column is-vertically-aligned-center is-layout-flow wp-block-column-is-layout-flow\">\n<div class=\"wp-block-media-text is-stacked-on-mobile\"><figure class=\"wp-block-media-text__media\"><img loading=\"lazy\" decoding=\"async\" width=\"448\" height=\"482\" src=\"https:\/\/axisport.fr\/wp-content\/uploads\/2025\/07\/tennis-1.png\" alt=\"\" class=\"wp-image-403 size-full\" srcset=\"https:\/\/axisport.fr\/wp-content\/uploads\/2025\/07\/tennis-1.png 448w, https:\/\/axisport.fr\/wp-content\/uploads\/2025\/07\/tennis-1-279x300.png 279w\" sizes=\"auto, (max-width: 448px) 100vw, 448px\" \/><\/figure><div class=\"wp-block-media-text__content\">\n<details class=\"wp-block-details is-layout-flow wp-block-details-is-layout-flow\"><summary>Mardi<\/summary>\n<p>Le sport le plus exigeant techniquement <br><\/p>\n<\/details>\n<\/div><\/div>\n<\/div>\n\n\n\n<div class=\"wp-block-column is-vertically-aligned-center is-layout-flow wp-block-column-is-layout-flow\">\n<div class=\"wp-block-media-text is-stacked-on-mobile\"><figure class=\"wp-block-media-text__media\"><img loading=\"lazy\" decoding=\"async\" width=\"446\" height=\"485\" src=\"https:\/\/axisport.fr\/wp-content\/uploads\/2025\/07\/padel.png\" alt=\"\" class=\"wp-image-404 size-full\" srcset=\"https:\/\/axisport.fr\/wp-content\/uploads\/2025\/07\/padel.png 446w, https:\/\/axisport.fr\/wp-content\/uploads\/2025\/07\/padel-276x300.png 276w\" sizes=\"auto, (max-width: 446px) 100vw, 446px\" \/><\/figure><div class=\"wp-block-media-text__content\">\n<details class=\"wp-block-details is-layout-flow wp-block-details-is-layout-flow\"><summary>Mercredi<\/summary>\n<p><br>Tr\u00e8s en vogue, tu devrais appr\u00e9cier  <\/p>\n<\/details>\n<\/div><\/div>\n<\/div>\n<\/div>\n\n\n\n<div class=\"wp-block-columns are-vertically-aligned-center is-layout-flex wp-container-core-columns-is-layout-d11576bb wp-block-columns-is-layout-flex\" style=\"margin-top:0;margin-bottom:0;padding-right:var(--wp--preset--spacing--70);padding-left:var(--wp--preset--spacing--70)\">\n<div class=\"wp-block-column is-vertically-aligned-center is-layout-flow wp-block-column-is-layout-flow\">\n<div class=\"wp-block-media-text is-stacked-on-mobile\"><figure class=\"wp-block-media-text__media\"><img loading=\"lazy\" decoding=\"async\" width=\"567\" height=\"620\" src=\"https:\/\/axisport.fr\/wp-content\/uploads\/2025\/09\/Capture-decran-2025-09-02-212557.png\" alt=\"\" class=\"wp-image-469 size-full\" srcset=\"https:\/\/axisport.fr\/wp-content\/uploads\/2025\/09\/Capture-decran-2025-09-02-212557.png 567w, https:\/\/axisport.fr\/wp-content\/uploads\/2025\/09\/Capture-decran-2025-09-02-212557-274x300.png 274w\" sizes=\"auto, (max-width: 567px) 100vw, 567px\" \/><\/figure><div class=\"wp-block-media-text__content\">\n<details class=\"wp-block-details has-text-color has-link-color has-open-sans-font-family wp-elements-798ce0569300b7fa92ee3fdfa04c16db is-layout-flow wp-block-details-is-layout-flow\" style=\"color:#000000\"><summary>Mardi bis<\/summary>\n<p><br>Mixte ? Padel en semaine paire et pickleball en semaine impaire !<\/p>\n<\/details>\n<\/div><\/div>\n<\/div>\n\n\n\n<div class=\"wp-block-column is-vertically-aligned-center is-layout-flow wp-block-column-is-layout-flow\">\n<div class=\"wp-block-media-text is-stacked-on-mobile\"><figure class=\"wp-block-media-text__media\"><img loading=\"lazy\" decoding=\"async\" width=\"446\" height=\"488\" src=\"https:\/\/axisport.fr\/wp-content\/uploads\/2025\/07\/bad-jeudi-1.png\" alt=\"\" class=\"wp-image-407 size-full\" srcset=\"https:\/\/axisport.fr\/wp-content\/uploads\/2025\/07\/bad-jeudi-1.png 446w, https:\/\/axisport.fr\/wp-content\/uploads\/2025\/07\/bad-jeudi-1-274x300.png 274w\" sizes=\"auto, (max-width: 446px) 100vw, 446px\" \/><\/figure><div class=\"wp-block-media-text__content\">\n<details class=\"wp-block-details is-layout-flow wp-block-details-is-layout-flow\"><summary>Jeudi<br><br><\/summary>\n<p>Team lundi ou team jeudi ?<\/p>\n<\/details>\n<\/div><\/div>\n<\/div>\n\n\n\n<div class=\"wp-block-column is-vertically-aligned-center is-layout-flow wp-block-column-is-layout-flow\">\n<div class=\"wp-block-media-text is-stacked-on-mobile\"><figure class=\"wp-block-media-text__media\"><img loading=\"lazy\" decoding=\"async\" width=\"382\" height=\"453\" src=\"https:\/\/axisport.fr\/wp-content\/uploads\/2025\/07\/logo.png\" alt=\"\" class=\"wp-image-408 size-full\" srcset=\"https:\/\/axisport.fr\/wp-content\/uploads\/2025\/07\/logo.png 382w, https:\/\/axisport.fr\/wp-content\/uploads\/2025\/07\/logo-253x300.png 253w\" sizes=\"auto, (max-width: 382px) 100vw, 382px\" \/><\/figure><div class=\"wp-block-media-text__content\">\n<details class=\"wp-block-details is-layout-flow wp-block-details-is-layout-flow\"><summary>Merci !<\/summary>\n<p><br> <\/p>\n<\/details>\n<\/div><\/div>\n<\/div>\n<\/div>\n\n\n\n<h2 class=\"wp-block-heading\" style=\"margin-top:var(--wp--preset--spacing--60);margin-right:var(--wp--preset--spacing--80);margin-bottom:var(--wp--preset--spacing--60);margin-left:var(--wp--preset--spacing--80)\">FAQ<\/h2>\n<\/div><\/div>\n\n\n\n<div class=\"wp-block-group alignwide is-style-header-fixed is-vertical is-content-justification-left is-layout-flex wp-container-core-group-is-layout-8b56cab8 wp-block-group-is-layout-flex has-background\" style=\"border-style:none;border-width:0px;min-height:0px;margin-top:var(--wp--preset--spacing--40);margin-bottom:var(--wp--preset--spacing--40);padding-top:var(--wp--preset--spacing--40);padding-bottom:var(--wp--preset--spacing--40);line-height:1;background-size:auto;\">\n<details class=\"wp-block-details is-layout-flow wp-block-details-is-layout-flow\"><summary>Comment r\u00e9server un terrain ?<\/summary>\n<p><br>Les cr\u00e9neaux sont d\u00e9finis par les dirigeants d&#8217;AXISPORT. Aucune r\u00e9servation n&#8217;est \u00e0 r\u00e9aliser par les adh\u00e9rents.<br><\/p>\n\n\n\n<p>Chaque adh\u00e9rent sera convi\u00e9 sur un groupe teams pour se positionner sur les cr\u00e9neaux ci-dessus souhait\u00e9s.<\/p>\n<\/details>\n\n\n\n<details class=\"wp-block-details is-layout-flow wp-block-details-is-layout-flow\"><summary>Quel mat\u00e9riel dois-je pr\u00e9voir ?<\/summary>\n<p><br>La location des terrains est prise en charge par AXISPORT. Chaque adh\u00e9rent doit pr\u00e9voir son mat\u00e9riel : une tenue adapt\u00e9e, une raquette et sa balle\/volant.<br><br>Une location du mat\u00e9riel aupr\u00e8s du TCW est possible.<\/p>\n<\/details>\n\n\n\n<details class=\"wp-block-details is-layout-flow wp-block-details-is-layout-flow\"><summary>Est-il possible de modifier un cr\u00e9neau ?<\/summary>\n<p><br>Une modification des cr\u00e9neaux de tennis et de padel sera propos\u00e9 chaque trimestre.<\/p>\n<\/details>\n<\/div>\n","protected":false},"excerpt":{"rendered":"<p>Complexe Andr\u00e9-AlsbergheWasquehal Le complexe est situ\u00e9 \u00e0 5 minutes en v\u00e9lo (via canal) ou voiture de l&#8217;agence d&#8217;AXIMA. Les infrastructures sont les suivantes : parking, vestiaires, douches, sandwichs, location de raquettes et de volants. La location des diff\u00e9rents terrains est prise en charge par l\u2019agence, les r\u00e9servations des terrains sont g\u00e9r\u00e9es par les dirigeants d&#8217;AXISPORT [&hellip;]<\/p>\n","protected":false},"author":1,"featured_media":0,"parent":0,"menu_order":0,"comment_status":"closed","ping_status":"closed","template":"","meta":{"footnotes":""},"class_list":["post-14","page","type-page","status-publish","hentry"],"_links":{"self":[{"href":"https:\/\/axisport.fr\/index.php\/wp-json\/wp\/v2\/pages\/14","targetHints":{"allow":["GET"]}}],"collection":[{"href":"https:\/\/axisport.fr\/index.php\/wp-json\/wp\/v2\/pages"}],"about":[{"href":"https:\/\/axisport.fr\/index.php\/wp-json\/wp\/v2\/types\/page"}],"author":[{"embeddable":true,"href":"https:\/\/axisport.fr\/index.php\/wp-json\/wp\/v2\/users\/1"}],"replies":[{"embeddable":true,"href":"https:\/\/axisport.fr\/index.php\/wp-json\/wp\/v2\/comments?post=14"}],"version-history":[{"count":25,"href":"https:\/\/axisport.fr\/index.php\/wp-json\/wp\/v2\/pages\/14\/revisions"}],"predecessor-version":[{"id":470,"href":"https:\/\/axisport.fr\/index.php\/wp-json\/wp\/v2\/pages\/14\/revisions\/470"}],"wp:attachment":[{"href":"https:\/\/axisport.fr\/index.php\/wp-json\/wp\/v2\/media?parent=14"}],"curies":[{"name":"wp","href":"https:\/\/api.w.org\/{rel}","templated":true}]}}