{"id":12,"date":"2024-08-27T09:05:53","date_gmt":"2024-08-27T07:05:53","guid":{"rendered":"http:\/\/axisport.fr\/?page_id=12"},"modified":"2025-12-09T10:09:53","modified_gmt":"2025-12-09T09:09:53","slug":"nos_evenements_trimestriels","status":"publish","type":"page","link":"https:\/\/axisport.fr\/index.php\/nos_evenements_trimestriels\/","title":{"rendered":"Nos \u00e9v\u00e8nements trimestriels"},"content":{"rendered":"\n<h2 class=\"wp-block-heading has-x-large-font-size\" style=\"padding-top:var(--wp--preset--spacing--50);padding-bottom:var(--wp--preset--spacing--50);line-height:1.1\">Devenez ambassadeur d&#8217;un \u00e9v\u00e8nement ! <\/h2>\n\n\n\n<p class=\"has-text-align-left\" style=\"padding-top:var(--wp--preset--spacing--60);padding-bottom:var(--wp--preset--spacing--60);line-height:1.1\">Des \u00e9v\u00e9nements sportifs occasionnels sont propos\u00e9s par AXISPORT afin de toucher un plus grand nombre de salari\u00e9s.<br><br>Ce sont les adh\u00e9rents qui proposent une activit\u00e9 annexe qui permet d&#8217;\u00e9largir le champ d&#8217;actions de l&#8217;association.<br><br>Exemple d&#8217;\u00e9v\u00e8nements : jeux de soci\u00e9t\u00e9s, bowling, karting, fl\u00e9chettes &#8230;<\/p>\n\n\n\n<h2 class=\"wp-block-heading has-x-large-font-size\" style=\"padding-top:var(--wp--preset--spacing--50);padding-bottom:var(--wp--preset--spacing--50);line-height:1.1\">AXISPORT NEWS<\/h2>\n\n\n\n<p style=\"padding-top:var(--wp--preset--spacing--60);padding-bottom:var(--wp--preset--spacing--60);line-height:1.1\">Chaque trimestre, d\u00e9couvrez notre revue AXISPORT NEWS permettant de retracer  les moments cl\u00e9s du trimestre \u00e9coul\u00e9, les nouvelles initiatives et les projets \u00e0 venir. Vous trouverez ci-dessous un condens\u00e9 de nos communications.<\/p>\n\n\n\n<div class=\"wp-block-file\" style=\"padding-top:var(--wp--preset--spacing--30);padding-right:0;padding-bottom:var(--wp--preset--spacing--30);padding-left:0\"><a id=\"wp-block-file--media-de87abc5-5060-4623-a56a-122314bd52bf\" href=\"https:\/\/axisport.fr\/wp-content\/uploads\/2024\/12\/Communication-AXISPORT-N\u00b01.pdf\" target=\"_blank\" rel=\"noreferrer noopener\">Communication AXISPORT N\u00b01<\/a><\/div>\n\n\n\n<p><\/p>\n\n\n\n<div class=\"wp-block-file\" style=\"padding-top:var(--wp--preset--spacing--30);padding-bottom:var(--wp--preset--spacing--30)\"><a id=\"wp-block-file--media-fe75bcc6-91fa-4656-8a7a-619efaadced9\" href=\"https:\/\/axisport.fr\/wp-content\/uploads\/2025\/02\/Communication-AXISPORT-N\u00b02-1.pdf\" target=\"_blank\" rel=\"noreferrer noopener\">Communication AXISPORT N\u00b02<\/a><\/div>\n\n\n\n<p><\/p>\n\n\n\n<div class=\"wp-block-file\" style=\"padding-top:var(--wp--preset--spacing--30);padding-bottom:var(--wp--preset--spacing--30)\"><a id=\"wp-block-file--media-3bf41020-c090-4339-99f6-49847e23e0db\" href=\"https:\/\/axisport.fr\/wp-content\/uploads\/2025\/07\/Communication-AXISPORT-N\u00b03.pdf\" target=\"_blank\" rel=\"noreferrer noopener\">Communication AXISPORT N\u00b03<\/a><\/div>\n\n\n\n<p><\/p>\n\n\n\n<div class=\"wp-block-file\" style=\"padding-top:var(--wp--preset--spacing--30);padding-bottom:var(--wp--preset--spacing--30)\"><a id=\"wp-block-file--media-c6033a60-9983-421a-a638-6338dd1ded20\" href=\"https:\/\/axisport.fr\/wp-content\/uploads\/2025\/12\/Communication-AXISPORT-N\u00b04-2.pdf\" target=\"_blank\" rel=\"noreferrer noopener\">Communication AXISPORT N\u00b04<\/a><\/div>\n","protected":false},"excerpt":{"rendered":"<p>Devenez ambassadeur d&#8217;un \u00e9v\u00e8nement ! Des \u00e9v\u00e9nements sportifs occasionnels sont propos\u00e9s par AXISPORT afin de toucher un plus grand nombre de salari\u00e9s. Ce sont les adh\u00e9rents qui proposent une activit\u00e9 annexe qui permet d&#8217;\u00e9largir le champ d&#8217;actions de l&#8217;association. Exemple d&#8217;\u00e9v\u00e8nements : jeux de soci\u00e9t\u00e9s, bowling, karting, fl\u00e9chettes &#8230; AXISPORT NEWS Chaque trimestre, d\u00e9couvrez notre [&hellip;]<\/p>\n","protected":false},"author":1,"featured_media":0,"parent":0,"menu_order":0,"comment_status":"closed","ping_status":"closed","template":"","meta":{"footnotes":""},"class_list":["post-12","page","type-page","status-publish","hentry"],"_links":{"self":[{"href":"https:\/\/axisport.fr\/index.php\/wp-json\/wp\/v2\/pages\/12","targetHints":{"allow":["GET"]}}],"collection":[{"href":"https:\/\/axisport.fr\/index.php\/wp-json\/wp\/v2\/pages"}],"about":[{"href":"https:\/\/axisport.fr\/index.php\/wp-json\/wp\/v2\/types\/page"}],"author":[{"embeddable":true,"href":"https:\/\/axisport.fr\/index.php\/wp-json\/wp\/v2\/users\/1"}],"replies":[{"embeddable":true,"href":"https:\/\/axisport.fr\/index.php\/wp-json\/wp\/v2\/comments?post=12"}],"version-history":[{"count":27,"href":"https:\/\/axisport.fr\/index.php\/wp-json\/wp\/v2\/pages\/12\/revisions"}],"predecessor-version":[{"id":480,"href":"https:\/\/axisport.fr\/index.php\/wp-json\/wp\/v2\/pages\/12\/revisions\/480"}],"wp:attachment":[{"href":"https:\/\/axisport.fr\/index.php\/wp-json\/wp\/v2\/media?parent=12"}],"curies":[{"name":"wp","href":"https:\/\/api.w.org\/{rel}","templated":true}]}}